
{"id":24533,"date":"2022-02-24T17:37:17","date_gmt":"2022-02-24T17:37:17","guid":{"rendered":"https:\/\/www.wcia.org.uk\/?page_id=24533"},"modified":"2022-02-24T17:37:18","modified_gmt":"2022-02-24T17:37:18","slug":"proffil-heddwch-gareth-jones-y-dyn-oedd-yn-gwybod-gormod","status":"publish","type":"page","link":"https:\/\/cymru.global\/cy\/proffil-heddwch-gareth-jones-y-dyn-oedd-yn-gwybod-gormod\/","title":{"rendered":"Proffil Heddwch: Gareth Jones &#8211; \u2018\u2018Y Dyn Oedd yn Gwybod Gormod.\u2019\u2019"},"content":{"rendered":"<div class=\"container\">\n<h3 class=\"has-text-color wp-block-heading\" style=\"color:#0071a1\"><strong>Heddwch &amp; Newyddiaduraeth<\/strong>\u00a0<\/h3>\n<\/div>\n\n<div class=\"container\">\n<p class=\"has-white-color has-text-color has-background\" style=\"background-color:#0071a1\"><strong>Cyfres gan Academi Heddwch Cymru yw \u2018Proffiliau heddwch\u2019, sy\u2019n ceisio tynnu sylw at ffigurau heddwch o bob rhan o\u2019r byd sydd wedi chwarae rhan yn hanes heddwch Cymru.<\/strong>\u00a0<\/p>\n<\/div>\n\n<div class=\"container\">\n<p class=\"has-white-color has-text-color has-background\" style=\"background-color:#27ceda\">Mae\u2019r Ail Ryfel Byd yn bwnc sy\u2019n cael ei archwilio\u2019n eang, ac fel y penblwyddi ers y cyfnod cataclysmig hwnnw bron i 150 mlynedd, ac yna 200 mlynedd, nifer rhyfeddol o fach o hyd sy\u2019n ymwybodol o r\u00f4l un newyddiadurwr Cymraeg a frwydrodd dros y gwirionedd. yn wyneb ffasgiaeth. <strong>Ganwyd Gareth Jones yn 1905<\/strong> yn y Barri, de Cymru, i&#8217;r Uwchgapten Edgar Jones (Prifathro) ac Annie Gwen Jones (a oedd yn diwtor i blant y diwydiannwr Cymreig John Hughes &#8211; sylfaenydd Hughesovka yn yr Wcrain). Graddiodd Gareth o <strong>Brifysgol Aberystwyth<\/strong> gyda gradd mewn <strong>Ffrangeg<\/strong> yn <strong>1926<\/strong>, ac aeth ymlaen i astudio yng <strong>Ngholeg y Drindod<\/strong>, <strong>Prifysgol Caergrawnt,<\/strong> lle bu\u2019n weithgar iawn yn Undeb Cynghrair y Cenhedloedd.\u00a0<\/p>\n<\/div>\n\n<div class=\"container\">\n<h3 class=\"has-text-color wp-block-heading\" style=\"color:#0071a1\"><strong>&#8216;Cymro yn edrych ar Ewrop&#8217;:<\/strong>\u00a0<\/h3>\n<\/div>\n\n<div class=\"container\">\n<div class=\"wp-block-columns is-layout-flex wp-container-core-columns-is-layout-9d6595d7 wp-block-columns-is-layout-flex\"><div class=\"container\">\n<div class=\"wp-block-column is-layout-flow wp-block-column-is-layout-flow\"><div class=\"container\">\n<figure class=\"wp-block-image size-large\"><img decoding=\"async\" width=\"464\" height=\"261\" src=\"https:\/\/cymru.global\/wp-content\/uploads\/2022\/02\/61330687_gjportrait-2.jpg\" alt=\"\" class=\"wp-image-24534\" srcset=\"https:\/\/cymru.global\/wp-content\/uploads\/2022\/02\/61330687_gjportrait-2.jpg 464w, https:\/\/cymru.global\/wp-content\/uploads\/2022\/02\/61330687_gjportrait-2-300x169.jpg 300w, https:\/\/cymru.global\/wp-content\/uploads\/2022\/02\/61330687_gjportrait-2-2x1.jpg 2w\" sizes=\"(max-width: 464px) 100vw, 464px\" \/><\/figure>\n<\/div><\/div>\n<\/div>\n\n<div class=\"container\">\n<div class=\"wp-block-column is-layout-flow wp-block-column-is-layout-flow\"><div class=\"container\">\n<p class=\"has-white-color has-text-color has-background\" style=\"background-color:#27ceda\">Ym <strong>1929,<\/strong> daeth Gareth yn <strong>ohebydd<\/strong> <strong>llawrydd proffesiynol<\/strong> a dechreuodd gyflwyno erthyglau yn gyflym i allfeydd papur newydd a chyfnodolion. Yn y flwyddyn ganlynol (<strong>Ionawr, 1930<\/strong>), cyflogwyd Gareth Jones fel <strong>Cynghorydd Ieithoedd Tramor<\/strong> i&#8217;r<strong> cyn Brif Weinidog, David Lloyd George. <\/strong>Erbyn <strong>1932<\/strong>, roedd Jones wedi <strong>ymweld \u00e2\u2019r Undeb Sofietaidd ddwywaith<\/strong>, ac wedi dogfennu ei sylwadau trwy dair erthygl ar wah\u00e2n, dwy ohonynt yn dwyn y teitl \u2018Y Ddwy Rwsia\u2019 ac un o\u2019r enw \u2018Y Rwsia Go Iawn\u2019. Roedd yr erthygl olaf yn adrodd ar newyn gwerinwyr yn yr Wcrain a De Rwsia, a chyhoeddwyd pob un ohonynt yn ddienw yn \u2018The Times\u2019.<\/p>\n<\/div><\/div>\n<\/div><\/div>\n<\/div>\n\n<div class=\"container\">\n<p class=\"has-white-color has-text-color has-background\" style=\"background-color:#0071a1\">Trwy gydol <strong>1933<\/strong> a <strong>1934<\/strong>, teithiodd Jones i&#8217;r Almaen <strong>deirgwaith<\/strong>, gan ysgrifennu cyfanswm o 12 erthygl. G\u0175r craff a miniog oedd Jones, a gofnododd ei sylwadau yn ei erthyglau a thrwy ddyddiaduron. Mae&#8217;r erthyglau yn dystiolaeth hynod ddiddorol, a&#8217;r <strong>gohebydd ifanc hwn o Gymru oedd y newyddiadurwr cyntaf i gyfweld \u00e2 Hitler yn dilyn ei benodi&#8217;n Ganghellor ddiwedd Ionawr 1933.<\/strong> O&#8217;i sedd yn y &#8221;Richthofen&#8221; ar Chwefror 23, dim ond metrau oddi wrth Hitler, ysgrifennodd Jones: <strong>\u2018Petai\u2019r awyren hon yn chwalu yna byddai holl hanes Ewrop yn cael ei newid.\u2019<\/strong> Mae\u2019r frawddeg hon yn arbennig o iasoer i ddarllenwyr modern, yn wyneb yr hyn a wyddom bellach am y Drydedd Reich, ond ni fyddai Gareth yn byw yn ddigon hir i weld y dechrau yr Ail Ryfel Byd, neu ddeall pa mor wir oedd ei eiriau.\u00a0<\/p>\n<\/div>\n\n<div class=\"container\">\n<p><\/p>\n<\/div>\n\n<div class=\"container\">\n<figure class=\"wp-block-pullquote\"><blockquote><p><em>Yr ydym yn awr yn disgyn, fodd bynag. Mae Frankfurt oddi tanom. Cesglir tyrfa isod. Mae miloedd o wynebau yn edrych i fyny arnom ni. Rydym yn gwneud glanio llyfn. Mae arweinwyr Nats\u00efaidd, rhai mewn brown, rhai mewn du ac arian, i gyd \u00e2 band braich swastika coch, yn aros am eu pennaeth. Mae Hitler yn camu allan o&#8217;r awyren. Ond mae bellach yn ddyn wedi&#8217;i drawsnewid yn ysbrydol. Mae pwrpas penodol i&#8217;w lygaid. Dyma Hitler gwahanol.<\/em>\u00a0<\/p><p><em>Mae dau Hitler &#8211; yr Hitler bachgenaidd naturiol, a&#8217;r Hitler sy&#8217;n cael ei ysbrydoli gan rym cenedlaethol aruthrol, Hitler gwych. Dyma&#8217;r ail Hitler sydd wedi cynhyrfu&#8217;r Almaen i ddeffroad.<\/em>\u00a0<\/p><cite>ERTHYGL GARETH JONES, YN Y WESTERN MAIL, CHWEFROR 28AIN, 1933. YSGRIFENEDIG &#8216;YN HITLER&#8217;S AIROPLANE, TRI O&#8217;CLOCK, DYDD IAU PRYNHAWN, CHWEFROR 23, 1933.&#8217;<\/cite><\/blockquote><\/figure>\n<\/div>\n\n<div class=\"container\">\n<p class=\"has-white-color has-text-color has-background\" style=\"background-color:#27ceda\">Ym mis <strong>Mawrth 1933,<\/strong> <strong>teithiodd Jones i Rwsia am y trydydd tro.<\/strong> Ar <strong>Fawrth 7fed,<\/strong> <strong>llithrodd i ffwrdd<\/strong> oddi wrth awdurdodau ac i mewn i&#8217;r Wcr\u00e1in, lle mae ei gofnodion yn y dyddiadur yn rhoi adroddiadau uniongyrchol o&#8217;r newyn torfol a welodd Jones. Methu \u00e2 chaniat\u00e1u i dynged o&#8217;r fath daro pobl yr Wcrain, cyhoeddodd Jones ddatganiad i&#8217;r wasg i nifer o allfeydd papur newydd ar \u00f4l iddo ddychwelyd i Berlin ar Fawrth 29ain. <\/p>\n<\/div>\n\n<div class=\"container\">\n<div class=\"wp-block-columns is-layout-flex wp-container-core-columns-is-layout-9d6595d7 wp-block-columns-is-layout-flex\"><div class=\"container\">\n<div class=\"wp-block-column is-layout-flow wp-block-column-is-layout-flow\" style=\"flex-basis:100%\"><div class=\"container\">\n<div class=\"wp-block-columns is-layout-flex wp-container-core-columns-is-layout-9d6595d7 wp-block-columns-is-layout-flex\"><div class=\"container\">\n<div class=\"wp-block-column is-layout-flow wp-block-column-is-layout-flow\"><div class=\"container\">\n<p class=\"has-white-color has-text-color has-background\" style=\"background-color:#0071a1\">Fodd bynnag, <strong>gwrthodwyd honiadau Jones gan newyddiadurwyr eraill ym Moscow<\/strong>, yr oedd rhai ohonynt yn uchel eu parch ym myd newyddiaduraeth, er enghraifft <strong>Walter Duranty.<\/strong> Ymosododd Duranty, derbynnydd Gwobr Pulitzer am Ohebiaeth ym 1932, ar honiadau Jones trwy wrth-erthyglau niferus. Roedd yr ymosodiad hwn gan newyddiadurwr proffil uchel ac uchel ei barch <strong>wedi llychwino enw da Jones yn ddifrifol<\/strong>. Mae cymhellion Duranty dros wneud hynny yn destun dadlau brwd hyd heddiw. Yn \u00f4l gor-nai Jones, Nigel Linsan Colley, yr unig waith y gallai Gareth ddod o hyd iddo yn dilyn ei erthyglau yn yr Wcrain oedd <strong>gyda\u2019r Western Mail yng Nghaerdydd, yn cwmpasu \u2018celf, crefft a chwryglau\u2019<\/strong>.<\/p>\n<\/div>\n\n<div class=\"container\">\n<p class=\"has-white-color has-text-color has-background\" style=\"background-color:#27ceda\"><strong>Wedi&#8217;i wahardd rhag dod i mewn i&#8217;r Undeb Sofietaidd byth eto,<\/strong> gosododd Jones ei fryd ar y Dwyrain Pell. Yn yr ymdrech hon y cafodd Gareth ei <strong>herwgipio gan ladron ym 1935,<\/strong> a oedd yn cael eu hamau o gael eu talu gan yr<strong> NKVD Sofietaidd.<\/strong> <strong>Llofruddiwyd Gareth Jones y diwrnod cyn ei ben-blwydd yn 30 oed, ar Awst 13eg, 1935, am ddinoethi&#8217;r Holodomor i&#8217;r Gorllewin.<\/strong><\/p>\n<\/div><\/div>\n<\/div>\n\n<div class=\"container\">\n<div class=\"wp-block-column is-layout-flow wp-block-column-is-layout-flow\"><div class=\"container\">\n<figure class=\"wp-block-image size-large\"><img decoding=\"async\" width=\"750\" height=\"650\" src=\"https:\/\/cymru.global\/wp-content\/uploads\/2022\/02\/90-1933ussr1ab0009-1.jpg\" alt=\"\" class=\"wp-image-24536\" srcset=\"https:\/\/cymru.global\/wp-content\/uploads\/2022\/02\/90-1933ussr1ab0009-1.jpg 750w, https:\/\/cymru.global\/wp-content\/uploads\/2022\/02\/90-1933ussr1ab0009-1-300x260.jpg 300w, https:\/\/cymru.global\/wp-content\/uploads\/2022\/02\/90-1933ussr1ab0009-1-1x1.jpg 1w\" sizes=\"(max-width: 750px) 100vw, 750px\" \/><figcaption>Un o ddyddiaduron Gareth Jones, yn manylu ar ei arsylwadau yn yr Wcrain.<\/figcaption><\/figure>\n<\/div><\/div>\n<\/div><\/div>\n<\/div><\/div>\n<\/div><\/div>\n<\/div>\n\n<div class=\"container\">\n<p class=\"has-white-color has-text-color has-background\" style=\"background-color:#0071a1\">Bu amgylchiadau trasig marwolaeth Gareth yn aflonyddu ar ei deulu am genedlaethau lawer, yn enwedig ei rieni galarus. Daeth tad Gareth, yr <strong>Uwchgapten Edgar Jones, yn warden y Deml Heddwch ac Iechyd <\/strong>yn ystod yr Ail Ryfel Byd. Cyflwynodd rhieni Gareth <strong>gasgliad o&#8217;i lyfrau<\/strong> i&#8217;r Deml Heddwch ac Iechyd yng Nghaerdydd. Mae\u2019r casgliad, y mae rhai eitemau ohono\u2019n cynnwys anodiadau Jones, wedi bod yn llonydd ers hynny.<\/p>\n<\/div>","protected":false},"excerpt":{"rendered":"<p>Heddwch &amp; Newyddiaduraeth\u00a0 Cyfres gan Academi Heddwch Cymru yw \u2018Proffiliau heddwch\u2019, sy\u2019n ceisio tynnu sylw at ffigurau heddwch o bob rhan o\u2019r byd sydd wedi chwarae rhan yn hanes heddwch Cymru.\u00a0 Mae\u2019r Ail Ryfel Byd yn bwnc sy\u2019n cael ei archwilio\u2019n eang, ac fel y penblwyddi ers y cyfnod cataclysmig [&#8230;]<\/p>\n","protected":false},"author":169,"featured_media":22037,"parent":0,"menu_order":0,"comment_status":"closed","ping_status":"closed","template":"","meta":{"_acf_changed":false,"iawp_total_views":5,"footnotes":""},"class_list":["post-24533","page","type-page","status-publish","has-post-thumbnail","hentry"],"acf":[],"yoast_head":"<!-- This site is optimized with the Yoast SEO plugin v27.3 - https:\/\/yoast.com\/product\/yoast-seo-wordpress\/ -->\n<title>Proffil Heddwch: Gareth Jones - \u2018\u2018Y Dyn Oedd yn Gwybod Gormod.\u2019\u2019 - Cymru Global<\/title>\n<meta name=\"robots\" content=\"index, follow, max-snippet:-1, max-image-preview:large, max-video-preview:-1\" \/>\n<meta property=\"og:locale\" content=\"cy_GB\" \/>\n<meta property=\"og:type\" content=\"article\" \/>\n<meta property=\"og:title\" content=\"Proffil Heddwch: Gareth Jones - \u2018\u2018Y Dyn Oedd yn Gwybod Gormod.\u2019\u2019 - Cymru Global\" \/>\n<meta property=\"og:description\" content=\"Heddwch &amp; Newyddiaduraeth\u00a0 Cyfres gan Academi Heddwch Cymru yw \u2018Proffiliau heddwch\u2019, sy\u2019n ceisio tynnu sylw at ffigurau heddwch o bob rhan o\u2019r byd sydd wedi chwarae rhan yn hanes heddwch Cymru.\u00a0 Mae\u2019r Ail Ryfel Byd yn bwnc sy\u2019n cael ei archwilio\u2019n eang, ac fel y penblwyddi ers y cyfnod cataclysmig [...]\" \/>\n<meta property=\"og:url\" content=\"https:\/\/cymru.global\/cy\/proffil-heddwch-gareth-jones-y-dyn-oedd-yn-gwybod-gormod\/\" \/>\n<meta property=\"og:site_name\" content=\"Cymru Global\" \/>\n<meta property=\"article:publisher\" content=\"https:\/\/www.facebook.com\/welshcentreforinternationalaffairs\/\" \/>\n<meta property=\"article:modified_time\" content=\"2022-02-24T17:37:18+00:00\" \/>\n<meta property=\"og:image\" content=\"https:\/\/cymru.global\/wp-content\/uploads\/2022\/02\/61330687_gjportrait-2.jpg\" \/>\n<meta name=\"twitter:card\" content=\"summary_large_image\" \/>\n<meta name=\"twitter:site\" content=\"@WCIA_Wales\" \/>\n<meta name=\"twitter:label1\" content=\"Est. reading time\" \/>\n\t<meta name=\"twitter:data1\" content=\"5 minutes\" \/>\n<script type=\"application\/ld+json\" class=\"yoast-schema-graph\">{\"@context\":\"https:\\\/\\\/schema.org\",\"@graph\":[{\"@type\":\"WebPage\",\"@id\":\"https:\\\/\\\/cymru.global\\\/cy\\\/proffil-heddwch-gareth-jones-y-dyn-oedd-yn-gwybod-gormod\\\/\",\"url\":\"https:\\\/\\\/cymru.global\\\/cy\\\/proffil-heddwch-gareth-jones-y-dyn-oedd-yn-gwybod-gormod\\\/\",\"name\":\"Proffil Heddwch: Gareth Jones - \u2018\u2018Y Dyn Oedd yn Gwybod Gormod.\u2019\u2019 - Cymru Global\",\"isPartOf\":{\"@id\":\"https:\\\/\\\/cymru.global\\\/cy\\\/#website\"},\"primaryImageOfPage\":{\"@id\":\"https:\\\/\\\/cymru.global\\\/cy\\\/proffil-heddwch-gareth-jones-y-dyn-oedd-yn-gwybod-gormod\\\/#primaryimage\"},\"image\":{\"@id\":\"https:\\\/\\\/cymru.global\\\/cy\\\/proffil-heddwch-gareth-jones-y-dyn-oedd-yn-gwybod-gormod\\\/#primaryimage\"},\"thumbnailUrl\":\"https:\\\/\\\/cymru.global\\\/wp-content\\\/uploads\\\/2021\\\/10\\\/Gareth-Jones-journalism-Ukrainian-Famine.jpeg\",\"datePublished\":\"2022-02-24T17:37:17+00:00\",\"dateModified\":\"2022-02-24T17:37:18+00:00\",\"breadcrumb\":{\"@id\":\"https:\\\/\\\/cymru.global\\\/cy\\\/proffil-heddwch-gareth-jones-y-dyn-oedd-yn-gwybod-gormod\\\/#breadcrumb\"},\"inLanguage\":\"cy-GB\",\"potentialAction\":[{\"@type\":\"ReadAction\",\"target\":[\"https:\\\/\\\/cymru.global\\\/cy\\\/proffil-heddwch-gareth-jones-y-dyn-oedd-yn-gwybod-gormod\\\/\"]}]},{\"@type\":\"ImageObject\",\"inLanguage\":\"cy-GB\",\"@id\":\"https:\\\/\\\/cymru.global\\\/cy\\\/proffil-heddwch-gareth-jones-y-dyn-oedd-yn-gwybod-gormod\\\/#primaryimage\",\"url\":\"https:\\\/\\\/cymru.global\\\/wp-content\\\/uploads\\\/2021\\\/10\\\/Gareth-Jones-journalism-Ukrainian-Famine.jpeg\",\"contentUrl\":\"https:\\\/\\\/cymru.global\\\/wp-content\\\/uploads\\\/2021\\\/10\\\/Gareth-Jones-journalism-Ukrainian-Famine.jpeg\",\"width\":864,\"height\":805},{\"@type\":\"BreadcrumbList\",\"@id\":\"https:\\\/\\\/cymru.global\\\/cy\\\/proffil-heddwch-gareth-jones-y-dyn-oedd-yn-gwybod-gormod\\\/#breadcrumb\",\"itemListElement\":[{\"@type\":\"ListItem\",\"position\":1,\"name\":\"Cartref\",\"item\":\"https:\\\/\\\/cymru.global\\\/cy\\\/\"},{\"@type\":\"ListItem\",\"position\":2,\"name\":\"Proffil Heddwch: Gareth Jones &#8211; \u2018\u2018Y Dyn Oedd yn Gwybod Gormod.\u2019\u2019\"}]},{\"@type\":\"WebSite\",\"@id\":\"https:\\\/\\\/cymru.global\\\/cy\\\/#website\",\"url\":\"https:\\\/\\\/cymru.global\\\/cy\\\/\",\"name\":\"Cymru Global\",\"description\":\"\",\"publisher\":{\"@id\":\"https:\\\/\\\/cymru.global\\\/cy\\\/#organization\"},\"potentialAction\":[{\"@type\":\"SearchAction\",\"target\":{\"@type\":\"EntryPoint\",\"urlTemplate\":\"https:\\\/\\\/cymru.global\\\/cy\\\/?s={search_term_string}\"},\"query-input\":{\"@type\":\"PropertyValueSpecification\",\"valueRequired\":true,\"valueName\":\"search_term_string\"}}],\"inLanguage\":\"cy-GB\"},{\"@type\":\"Organization\",\"@id\":\"https:\\\/\\\/cymru.global\\\/cy\\\/#organization\",\"name\":\"Cymru Global\",\"url\":\"https:\\\/\\\/cymru.global\\\/cy\\\/\",\"logo\":{\"@type\":\"ImageObject\",\"inLanguage\":\"cy-GB\",\"@id\":\"https:\\\/\\\/cymru.global\\\/cy\\\/#\\\/schema\\\/logo\\\/image\\\/\",\"url\":\"https:\\\/\\\/cymru.global\\\/wp-content\\\/uploads\\\/2026\\\/02\\\/loog-white.svg\",\"contentUrl\":\"https:\\\/\\\/cymru.global\\\/wp-content\\\/uploads\\\/2026\\\/02\\\/loog-white.svg\",\"width\":179,\"height\":59,\"caption\":\"Cymru Global\"},\"image\":{\"@id\":\"https:\\\/\\\/cymru.global\\\/cy\\\/#\\\/schema\\\/logo\\\/image\\\/\"},\"sameAs\":[\"https:\\\/\\\/www.facebook.com\\\/welshcentreforinternationalaffairs\\\/\",\"https:\\\/\\\/x.com\\\/WCIA_Wales\",\"https:\\\/\\\/www.instagram.com\\\/wcia_wales\\\/?hl=en-gb\",\"https:\\\/\\\/www.youtube.com\\\/channel\\\/UC0G2l7QV_yPDU4RHB8hEEPg\"]}]}<\/script>\n<!-- \/ Yoast SEO plugin. -->","yoast_head_json":{"title":"Proffil Heddwch: Gareth Jones - \u2018\u2018Y Dyn Oedd yn Gwybod Gormod.\u2019\u2019 - Cymru Global","robots":{"index":"index","follow":"follow","max-snippet":"max-snippet:-1","max-image-preview":"max-image-preview:large","max-video-preview":"max-video-preview:-1"},"og_locale":"cy_GB","og_type":"article","og_title":"Proffil Heddwch: Gareth Jones - \u2018\u2018Y Dyn Oedd yn Gwybod Gormod.\u2019\u2019 - Cymru Global","og_description":"Heddwch &amp; Newyddiaduraeth\u00a0 Cyfres gan Academi Heddwch Cymru yw \u2018Proffiliau heddwch\u2019, sy\u2019n ceisio tynnu sylw at ffigurau heddwch o bob rhan o\u2019r byd sydd wedi chwarae rhan yn hanes heddwch Cymru.\u00a0 Mae\u2019r Ail Ryfel Byd yn bwnc sy\u2019n cael ei archwilio\u2019n eang, ac fel y penblwyddi ers y cyfnod cataclysmig [...]","og_url":"https:\/\/cymru.global\/cy\/proffil-heddwch-gareth-jones-y-dyn-oedd-yn-gwybod-gormod\/","og_site_name":"Cymru Global","article_publisher":"https:\/\/www.facebook.com\/welshcentreforinternationalaffairs\/","article_modified_time":"2022-02-24T17:37:18+00:00","og_image":[{"url":"https:\/\/cymru.global\/wp-content\/uploads\/2022\/02\/61330687_gjportrait-2.jpg","type":"","width":"","height":""}],"twitter_card":"summary_large_image","twitter_site":"@WCIA_Wales","twitter_misc":{"Est. reading time":"5 minutes"},"schema":{"@context":"https:\/\/schema.org","@graph":[{"@type":"WebPage","@id":"https:\/\/cymru.global\/cy\/proffil-heddwch-gareth-jones-y-dyn-oedd-yn-gwybod-gormod\/","url":"https:\/\/cymru.global\/cy\/proffil-heddwch-gareth-jones-y-dyn-oedd-yn-gwybod-gormod\/","name":"Proffil Heddwch: Gareth Jones - \u2018\u2018Y Dyn Oedd yn Gwybod Gormod.\u2019\u2019 - Cymru Global","isPartOf":{"@id":"https:\/\/cymru.global\/cy\/#website"},"primaryImageOfPage":{"@id":"https:\/\/cymru.global\/cy\/proffil-heddwch-gareth-jones-y-dyn-oedd-yn-gwybod-gormod\/#primaryimage"},"image":{"@id":"https:\/\/cymru.global\/cy\/proffil-heddwch-gareth-jones-y-dyn-oedd-yn-gwybod-gormod\/#primaryimage"},"thumbnailUrl":"https:\/\/cymru.global\/wp-content\/uploads\/2021\/10\/Gareth-Jones-journalism-Ukrainian-Famine.jpeg","datePublished":"2022-02-24T17:37:17+00:00","dateModified":"2022-02-24T17:37:18+00:00","breadcrumb":{"@id":"https:\/\/cymru.global\/cy\/proffil-heddwch-gareth-jones-y-dyn-oedd-yn-gwybod-gormod\/#breadcrumb"},"inLanguage":"cy-GB","potentialAction":[{"@type":"ReadAction","target":["https:\/\/cymru.global\/cy\/proffil-heddwch-gareth-jones-y-dyn-oedd-yn-gwybod-gormod\/"]}]},{"@type":"ImageObject","inLanguage":"cy-GB","@id":"https:\/\/cymru.global\/cy\/proffil-heddwch-gareth-jones-y-dyn-oedd-yn-gwybod-gormod\/#primaryimage","url":"https:\/\/cymru.global\/wp-content\/uploads\/2021\/10\/Gareth-Jones-journalism-Ukrainian-Famine.jpeg","contentUrl":"https:\/\/cymru.global\/wp-content\/uploads\/2021\/10\/Gareth-Jones-journalism-Ukrainian-Famine.jpeg","width":864,"height":805},{"@type":"BreadcrumbList","@id":"https:\/\/cymru.global\/cy\/proffil-heddwch-gareth-jones-y-dyn-oedd-yn-gwybod-gormod\/#breadcrumb","itemListElement":[{"@type":"ListItem","position":1,"name":"Cartref","item":"https:\/\/cymru.global\/cy\/"},{"@type":"ListItem","position":2,"name":"Proffil Heddwch: Gareth Jones &#8211; \u2018\u2018Y Dyn Oedd yn Gwybod Gormod.\u2019\u2019"}]},{"@type":"WebSite","@id":"https:\/\/cymru.global\/cy\/#website","url":"https:\/\/cymru.global\/cy\/","name":"Cymru Global","description":"","publisher":{"@id":"https:\/\/cymru.global\/cy\/#organization"},"potentialAction":[{"@type":"SearchAction","target":{"@type":"EntryPoint","urlTemplate":"https:\/\/cymru.global\/cy\/?s={search_term_string}"},"query-input":{"@type":"PropertyValueSpecification","valueRequired":true,"valueName":"search_term_string"}}],"inLanguage":"cy-GB"},{"@type":"Organization","@id":"https:\/\/cymru.global\/cy\/#organization","name":"Cymru Global","url":"https:\/\/cymru.global\/cy\/","logo":{"@type":"ImageObject","inLanguage":"cy-GB","@id":"https:\/\/cymru.global\/cy\/#\/schema\/logo\/image\/","url":"https:\/\/cymru.global\/wp-content\/uploads\/2026\/02\/loog-white.svg","contentUrl":"https:\/\/cymru.global\/wp-content\/uploads\/2026\/02\/loog-white.svg","width":179,"height":59,"caption":"Cymru Global"},"image":{"@id":"https:\/\/cymru.global\/cy\/#\/schema\/logo\/image\/"},"sameAs":["https:\/\/www.facebook.com\/welshcentreforinternationalaffairs\/","https:\/\/x.com\/WCIA_Wales","https:\/\/www.instagram.com\/wcia_wales\/?hl=en-gb","https:\/\/www.youtube.com\/channel\/UC0G2l7QV_yPDU4RHB8hEEPg"]}]}},"_links":{"self":[{"href":"https:\/\/cymru.global\/cy\/wp-json\/wp\/v2\/pages\/24533","targetHints":{"allow":["GET"]}}],"collection":[{"href":"https:\/\/cymru.global\/cy\/wp-json\/wp\/v2\/pages"}],"about":[{"href":"https:\/\/cymru.global\/cy\/wp-json\/wp\/v2\/types\/page"}],"author":[{"embeddable":true,"href":"https:\/\/cymru.global\/cy\/wp-json\/wp\/v2\/users\/169"}],"replies":[{"embeddable":true,"href":"https:\/\/cymru.global\/cy\/wp-json\/wp\/v2\/comments?post=24533"}],"version-history":[{"count":1,"href":"https:\/\/cymru.global\/cy\/wp-json\/wp\/v2\/pages\/24533\/revisions"}],"predecessor-version":[{"id":24543,"href":"https:\/\/cymru.global\/cy\/wp-json\/wp\/v2\/pages\/24533\/revisions\/24543"}],"wp:featuredmedia":[{"embeddable":true,"href":"https:\/\/cymru.global\/cy\/wp-json\/wp\/v2\/media\/22037"}],"wp:attachment":[{"href":"https:\/\/cymru.global\/cy\/wp-json\/wp\/v2\/media?parent=24533"}],"curies":[{"name":"wp","href":"https:\/\/api.w.org\/{rel}","templated":true}]}}