
{"id":49279,"date":"2026-02-23T16:26:15","date_gmt":"2026-02-23T16:26:15","guid":{"rendered":"https:\/\/cymru.global\/partion-a-dathliadau\/"},"modified":"2026-02-23T17:42:40","modified_gmt":"2026-02-23T17:42:40","slug":"partion-a-dathliadau","status":"publish","type":"page","link":"https:\/\/cymru.global\/cy\/ein-gwaith\/teml-heddwch\/llogi-lleoliad-teml-heddwch\/partion-a-dathliadau\/","title":{"rendered":"Part\u00efon a Dathliadau"},"content":{"rendered":"<div class=\"container-fluid section section-top-carousel alignfull templeteal\">\r\n\t<div class=\"container \">\r\n\t\t<div class=\"slider\">\r\n\t\t\r\n\t\t\t        \t\t\t        <div class=\"slide\">\r\n\t\t\t        \t\r\n\t\t\t\t        <div class=\"row\">\r\n\t\t\t\t        \t\r\n\t\t\t\t        \t<div class=\"col-lg-6 col-md-12\">\r\n\t\t\t\t        \t\t<h3>Diwrnod i&#8217;w gofio<\/h3>\n<p><span class=\"NormalTextRun SCXW120310211 BCX0\" data-ccp-parastyle=\"Normal (Web)\">Teml Heddwch yw&#8217;r lleoliad perffaith ar gyfer eich parti pen-blwydd, aduniad teuluol, Mehndi,<\/span> <span class=\"NormalTextRun SCXW120310211 BCX0\" data-ccp-parastyle=\"Normal (Web)\">parti<\/span> Nadolig swyddfa <span class=\"NormalTextRun SCXW120310211 BCX0\" data-ccp-parastyle=\"Normal (Web)\">neu unrhyw ddigwyddiadau eraill sydd gennych mewn golwg! Rydym yn hyblyg iawn o ran diwallu eich anghenion.<\/span><\/p>\n<p>&nbsp;<\/p>\n\t\t\t\t        \t<\/div>\r\n\r\n\r\n\t\t\t\t        \t<div class=\"col-lg-6 col-md-12\">\r\n\t\t\t\t        \t\t\t\t\t\t\t\t\t\t    <img decoding=\"async\" src=\"https:\/\/cymru.global\/wp-content\/uploads\/2026\/02\/Celebration-Backdrop-on-stage.jpg\" alt=\"\" \/>\r\n\t\t\t\t\t\t\t\t\t\t\t\t        \t<\/div>\r\n\r\n\t\t\t\t        <\/div>\r\n\r\n  \t\t\t\t\t<\/div>\r\n\r\n  \t\t\t\t\t\r\n\t\t\t        \r\n\t\t\t        \t\t\t        <div class=\"slide\">\r\n\t\t\t        \t\r\n\t\t\t\t        <div class=\"row\">\r\n\t\t\t\t        \t\r\n\t\t\t\t        \t<div class=\"col-lg-6 col-md-12\">\r\n\t\t\t\t        \t\t<h3>Gwneud gwahaniaeth<\/h3>\n<p><span class=\"NormalTextRun SCXW96659980 BCX0\" data-ccp-parastyle=\"Normal (Web)\">Fel elusen gofrestredig, nid yw elw o&#8217;ch digwyddiad yn mynd i bocedi<\/span> <span class=\"NormalTextRun ContextualSpellingAndGrammarErrorV2Themed SCXW96659980 BCX0\" data-ccp-parastyle=\"Normal (Web)\">buddsoddwyr, ond<\/span> <span class=\"NormalTextRun SCXW96659980 BCX0\" data-ccp-parastyle=\"Normal (Web)\">mae&#8217;n cefnogi ein prosiectau elusennol yn y DU ac yn rhyngwladol. Gallwch<\/span> <span class=\"NormalTextRun SCXW96659980 BCX0\" data-ccp-parastyle=\"Normal (Web)\">ddysgu<\/span> <span class=\"NormalTextRun SCXW96659980 BCX0\" data-ccp-parastyle=\"Normal (Web)\">mwy am ein gwaith drwy archwilio gweddill y wefan hon.<\/span><\/p>\n\t\t\t\t        \t<\/div>\r\n\r\n\r\n\t\t\t\t        \t<div class=\"col-lg-6 col-md-12\">\r\n\t\t\t\t        \t\t\t\t\t\t\t\t\t\t    <img decoding=\"async\" src=\"https:\/\/cymru.global\/wp-content\/uploads\/2026\/02\/Parties-and-celebrations-1.jpg\" alt=\"\" \/>\r\n\t\t\t\t\t\t\t\t\t\t\t\t        \t<\/div>\r\n\r\n\t\t\t\t        <\/div>\r\n\r\n  \t\t\t\t\t<\/div>\r\n\r\n  \t\t\t\t\t\r\n\t\t\t        \r\n\t\t\t        \t\t\t        <div class=\"slide\">\r\n\t\t\t        \t\r\n\t\t\t\t        <div class=\"row\">\r\n\t\t\t\t        \t\r\n\t\t\t\t        \t<div class=\"col-lg-6 col-md-12\">\r\n\t\t\t\t        \t\t<h3>Eich digwyddiad yn y lleoliad llawn<\/h3>\n<p><span class=\"NormalTextRun SCXW215888832 BCX0\" data-ccp-parastyle=\"Normal (Web)\">Yn ogystal \u00e2 gwychder eiconig ein Neuadd Farmor, sy&#8217;n addas ar gyfer cynadleddau hyd at 160 o westeion, mae gennym hefyd Siambr y Cyngor \u00e2 phaneli pren ar gael ar gyfer eich digwyddiadau llai hyd at 50 o bobl. Ychwanegwch at hynny ein Ystafell Bwyllgor, sy&#8217;n eistedd hyd at 15 o bobl ac Ystafell 38 sy&#8217;n<\/span> <span class=\"NormalTextRun SCXW215888832 BCX0\" data-ccp-parastyle=\"Normal (Web)\">lle<\/span> mwy hamddenol ar <span class=\"NormalTextRun SCXW215888832 BCX0\" data-ccp-parastyle=\"Normal (Web)\">gyfer sesiynau trafod<\/span> <span class=\"NormalTextRun SCXW215888832 BCX0\" data-ccp-parastyle=\"Normal (Web)\">, a Theml Heddwch yw&#8217;r lleoliad delfrydol i chi yng Nghaerdydd.<\/span><\/p>\n<p>&nbsp;<\/p>\n<p>&nbsp;<\/p>\n\t\t\t\t        \t<\/div>\r\n\r\n\r\n\t\t\t\t        \t<div class=\"col-lg-6 col-md-12\">\r\n\t\t\t\t        \t\t\t\t\t\t\t\t\t\t    <img decoding=\"async\" src=\"https:\/\/cymru.global\/wp-content\/uploads\/2026\/02\/Celebration-Council-chamber-decorated.jpg\" alt=\"\" \/>\r\n\t\t\t\t\t\t\t\t\t\t\t\t        \t<\/div>\r\n\r\n\t\t\t\t        <\/div>\r\n\r\n  \t\t\t\t\t<\/div>\r\n\r\n  \t\t\t\t\t\r\n\t\t\t        <\/div>\r\n\t<\/div>\t\r\n<\/div>\r\n\r\n<div class=\"container-fluid section section-breadcrumbs\">\r\n    <div class=\"container\">\r\n        <span><span><a href=\"https:\/\/cymru.global\/cy\/\">Cartref<\/a><\/span><\/span>    <\/div>\r\n<\/div>\r\n<div class=\"container-fluid section section-general-content none\">\r\n    <div class=\"container\">\r\n        <div class=\"row\"><div class=\"col-md-12\"><h2 style=\"text-align: center\">Part\u00efon a Dathliadau<br \/> yn Nheml Heddwch<\/h2>\n<\/div><\/div>    <\/div>\r\n<\/div><div class=\"container-fluid section section-block-content lightgreen no\">\r\n\t\r\n\t<div class=\"container\">\r\n\t\t<div class=\"row\"><div class=\"col-md-6 col-sm-12\"><div class=\"block white\"><h3>Eich dathliad, eich ffordd chi<\/h3>\n<p><span data-contrast=\"auto\">Rhai o&#8217;r gwahanol ddathliadau rydyn ni wedi&#8217;u cynnal yn Nheml Heddwch:<\/span><span data-ccp-props=\"{}\"> <\/span><\/p>\n<ul>\n<li data-leveltext=\"-\" data-font=\"Aptos\" data-listid=\"11\" data-list-defn-props=\"{\"335552541\":1,\"335559685\":720,\"335559991\":360,\"469769226\":\"Aptos\",\"469769242\":[8226],\"469777803\":\"left\",\"469777804\":\"-\",\"469777815\":\"hybridMultilevel\"}\" data-aria-posinset=\"1\" data-aria-level=\"1\"><span data-contrast=\"auto\">Part\u00efon Mehndi<\/span><span data-ccp-props=\"{}\"> <\/span><\/li>\n<\/ul>\n<ul>\n<li data-leveltext=\"-\" data-font=\"Aptos\" data-listid=\"11\" data-list-defn-props=\"{\"335552541\":1,\"335559685\":720,\"335559991\":360,\"469769226\":\"Aptos\",\"469769242\":[8226],\"469777803\":\"left\",\"469777804\":\"-\",\"469777815\":\"hybridMultilevel\"}\" data-aria-posinset=\"2\" data-aria-level=\"1\"><span data-contrast=\"auto\">Part\u00efon pen-blwydd<\/span><span data-ccp-props=\"{}\"> <\/span><\/li>\n<\/ul>\n<ul>\n<li data-leveltext=\"-\" data-font=\"Aptos\" data-listid=\"11\" data-list-defn-props=\"{\"335552541\":1,\"335559685\":720,\"335559991\":360,\"469769226\":\"Aptos\",\"469769242\":[8226],\"469777803\":\"left\",\"469777804\":\"-\",\"469777815\":\"hybridMultilevel\"}\" data-aria-posinset=\"3\" data-aria-level=\"1\"><span data-contrast=\"auto\">Penblwyddi<\/span><span data-ccp-props=\"{}\"> <\/span><\/li>\n<\/ul>\n<ul>\n<li data-leveltext=\"-\" data-font=\"Aptos\" data-listid=\"11\" data-list-defn-props=\"{\"335552541\":1,\"335559685\":720,\"335559991\":360,\"469769226\":\"Aptos\",\"469769242\":[8226],\"469777803\":\"left\",\"469777804\":\"-\",\"469777815\":\"hybridMultilevel\"}\" data-aria-posinset=\"4\" data-aria-level=\"1\"><span data-contrast=\"auto\">Part\u00efon ymddeol<\/span><span data-ccp-props=\"{}\"> <\/span><\/li>\n<\/ul>\n<ul>\n<li data-leveltext=\"-\" data-font=\"Aptos\" data-listid=\"11\" data-list-defn-props=\"{\"335552541\":1,\"335559685\":720,\"335559991\":360,\"469769226\":\"Aptos\",\"469769242\":[8226],\"469777803\":\"left\",\"469777804\":\"-\",\"469777815\":\"hybridMultilevel\"}\" data-aria-posinset=\"5\" data-aria-level=\"1\"><span data-contrast=\"auto\">Dathliadau Blwyddyn Newydd Lleuad<\/span><span data-ccp-props=\"{}\"> <\/span><\/li>\n<\/ul>\n<ul>\n<li data-leveltext=\"-\" data-font=\"Aptos\" data-listid=\"11\" data-list-defn-props=\"{\"335552541\":1,\"335559685\":720,\"335559991\":360,\"469769226\":\"Aptos\",\"469769242\":[8226],\"469777803\":\"left\",\"469777804\":\"-\",\"469777815\":\"hybridMultilevel\"}\" data-aria-posinset=\"6\" data-aria-level=\"1\"><span data-contrast=\"auto\">Part\u00efon gwaith<\/span><span data-ccp-props=\"{}\"> <\/span><\/li>\n<\/ul>\n<ul>\n<li data-leveltext=\"-\" data-font=\"Aptos\" data-listid=\"11\" data-list-defn-props=\"{\"335552541\":1,\"335559685\":720,\"335559991\":360,\"469769226\":\"Aptos\",\"469769242\":[8226],\"469777803\":\"left\",\"469777804\":\"-\",\"469777815\":\"hybridMultilevel\"}\" data-aria-posinset=\"7\" data-aria-level=\"1\"><span data-contrast=\"auto\">Dathliadau bywyd a gwylnosau<\/span><span data-ccp-props=\"{}\"> <\/span><\/li>\n<\/ul>\n<p><span data-contrast=\"auto\">Cysylltwch \u00e2&#8217;n t\u00eem i gael gwybod am argaeledd, trwy&#8217;r ffurflen isod.<\/span><span data-ccp-props=\"{}\"> <\/span><\/p>\n<\/div><\/div><div class=\"col-md-6 col-sm-12\"><div class=\"block white\"><p><img loading=\"lazy\" decoding=\"async\" class=\"alignnone size-medium wp-image-19317\" src=\"https:\/\/cymru.global\/wp-content\/uploads\/2021\/06\/18-Hall-of-Nations-public-event-meal-with-mood-lighting-300x195.jpg\" alt=\"\" width=\"300\" height=\"195\" srcset=\"https:\/\/cymru.global\/wp-content\/uploads\/2021\/06\/18-Hall-of-Nations-public-event-meal-with-mood-lighting-300x195.jpg 300w, https:\/\/cymru.global\/wp-content\/uploads\/2021\/06\/18-Hall-of-Nations-public-event-meal-with-mood-lighting-400x260.jpg 400w, https:\/\/cymru.global\/wp-content\/uploads\/2021\/06\/18-Hall-of-Nations-public-event-meal-with-mood-lighting-2x1.jpg 2w, https:\/\/cymru.global\/wp-content\/uploads\/2021\/06\/18-Hall-of-Nations-public-event-meal-with-mood-lighting.jpg 768w\" sizes=\"auto, (max-width: 300px) 100vw, 300px\"><\/p>\n<p><img loading=\"lazy\" decoding=\"async\" class=\"alignnone size-medium wp-image-48547\" src=\"https:\/\/cymru.global\/wp-content\/uploads\/2026\/02\/Celebration-Photo-in-foyer-300x195.jpg\" alt=\"\" width=\"300\" height=\"195\" srcset=\"https:\/\/cymru.global\/wp-content\/uploads\/2026\/02\/Celebration-Photo-in-foyer-300x195.jpg 300w, https:\/\/cymru.global\/wp-content\/uploads\/2026\/02\/Celebration-Photo-in-foyer.jpg 768w\" sizes=\"auto, (max-width: 300px) 100vw, 300px\"><\/p>\n<\/div><\/div><\/div>\t<\/div>\r\n\r\n<\/div><div class=\"container-fluid section section-general-content none\">\r\n    <div class=\"container\">\r\n        <div class=\"row\"><div class=\"col-md-6 col-sm-12\"><p><iframe class=\"et-form\" src=\"https:\/\/app.eventtemple.com\/lead_intakes\/6c26a0ce5498a1f84667394c3867e839\/2014\/new\" height=\"600\"><\/iframe><\/p>\n<\/div><div class=\"col-md-6 col-sm-12\"><\/div><\/div>    <\/div>\r\n<\/div>","protected":false},"excerpt":{"rendered":"<p> [&#8230;]<\/p>\n","protected":false},"author":639,"featured_media":1355,"parent":49478,"menu_order":0,"comment_status":"closed","ping_status":"closed","template":"","meta":{"_acf_changed":false,"iawp_total_views":0,"footnotes":""},"class_list":["post-49279","page","type-page","status-publish","has-post-thumbnail","hentry"],"acf":[],"yoast_head":"<!-- This site is optimized with the Yoast SEO plugin v27.3 - https:\/\/yoast.com\/product\/yoast-seo-wordpress\/ -->\n<title>Part\u00efon a Dathliadau - Cymru Global<\/title>\n<meta name=\"description\" content=\"Part\u00efon a Dathliadau Byd-eang Cymru yn Nheml Heddwch, Caerdydd. Gall Teml Heddwch gynnal eich part\u00efon a&#039;ch dathliadau.\" \/>\n<meta name=\"robots\" content=\"index, follow, max-snippet:-1, max-image-preview:large, max-video-preview:-1\" \/>\n<meta property=\"og:locale\" content=\"cy_GB\" \/>\n<meta property=\"og:type\" content=\"article\" \/>\n<meta property=\"og:title\" content=\"Part\u00efon a Dathliadau - Cymru Global\" \/>\n<meta property=\"og:description\" content=\"Part\u00efon a Dathliadau Byd-eang Cymru yn Nheml Heddwch, Caerdydd. Gall Teml Heddwch gynnal eich part\u00efon a&#039;ch dathliadau.\" \/>\n<meta property=\"og:url\" content=\"https:\/\/cymru.global\/cy\/ein-gwaith\/teml-heddwch\/llogi-lleoliad-teml-heddwch\/partion-a-dathliadau\/\" \/>\n<meta property=\"og:site_name\" content=\"Cymru Global\" \/>\n<meta property=\"article:publisher\" content=\"https:\/\/www.facebook.com\/welshcentreforinternationalaffairs\/\" \/>\n<meta property=\"article:modified_time\" content=\"2026-02-23T17:42:40+00:00\" \/>\n<meta property=\"og:image\" content=\"https:\/\/cymru.global\/wp-content\/uploads\/2018\/10\/wcia_logo.png\" \/>\n\t<meta property=\"og:image:width\" content=\"640\" \/>\n\t<meta property=\"og:image:height\" content=\"640\" \/>\n\t<meta property=\"og:image:type\" content=\"image\/png\" \/>\n<meta name=\"twitter:card\" content=\"summary_large_image\" \/>\n<meta name=\"twitter:site\" content=\"@WCIA_Wales\" \/>\n<script type=\"application\/ld+json\" class=\"yoast-schema-graph\">{\"@context\":\"https:\\\/\\\/schema.org\",\"@graph\":[{\"@type\":\"WebPage\",\"@id\":\"https:\\\/\\\/cymru.global\\\/cy\\\/ein-gwaith\\\/teml-heddwch\\\/llogi-lleoliad-teml-heddwch\\\/partion-a-dathliadau\\\/\",\"url\":\"https:\\\/\\\/cymru.global\\\/cy\\\/ein-gwaith\\\/teml-heddwch\\\/llogi-lleoliad-teml-heddwch\\\/partion-a-dathliadau\\\/\",\"name\":\"Part\u00efon a Dathliadau - Cymru Global\",\"isPartOf\":{\"@id\":\"https:\\\/\\\/cymru.global\\\/cy\\\/#website\"},\"primaryImageOfPage\":{\"@id\":\"https:\\\/\\\/cymru.global\\\/cy\\\/ein-gwaith\\\/teml-heddwch\\\/llogi-lleoliad-teml-heddwch\\\/partion-a-dathliadau\\\/#primaryimage\"},\"image\":{\"@id\":\"https:\\\/\\\/cymru.global\\\/cy\\\/ein-gwaith\\\/teml-heddwch\\\/llogi-lleoliad-teml-heddwch\\\/partion-a-dathliadau\\\/#primaryimage\"},\"thumbnailUrl\":\"https:\\\/\\\/cymru.global\\\/wp-content\\\/uploads\\\/2018\\\/10\\\/wcia_logo.png\",\"datePublished\":\"2026-02-23T16:26:15+00:00\",\"dateModified\":\"2026-02-23T17:42:40+00:00\",\"description\":\"Part\u00efon a Dathliadau Byd-eang Cymru yn Nheml Heddwch, Caerdydd. Gall Teml Heddwch gynnal eich part\u00efon a'ch dathliadau.\",\"breadcrumb\":{\"@id\":\"https:\\\/\\\/cymru.global\\\/cy\\\/ein-gwaith\\\/teml-heddwch\\\/llogi-lleoliad-teml-heddwch\\\/partion-a-dathliadau\\\/#breadcrumb\"},\"inLanguage\":\"cy-GB\",\"potentialAction\":[{\"@type\":\"ReadAction\",\"target\":[\"https:\\\/\\\/cymru.global\\\/cy\\\/ein-gwaith\\\/teml-heddwch\\\/llogi-lleoliad-teml-heddwch\\\/partion-a-dathliadau\\\/\"]}]},{\"@type\":\"ImageObject\",\"inLanguage\":\"cy-GB\",\"@id\":\"https:\\\/\\\/cymru.global\\\/cy\\\/ein-gwaith\\\/teml-heddwch\\\/llogi-lleoliad-teml-heddwch\\\/partion-a-dathliadau\\\/#primaryimage\",\"url\":\"https:\\\/\\\/cymru.global\\\/wp-content\\\/uploads\\\/2018\\\/10\\\/wcia_logo.png\",\"contentUrl\":\"https:\\\/\\\/cymru.global\\\/wp-content\\\/uploads\\\/2018\\\/10\\\/wcia_logo.png\",\"width\":640,\"height\":640,\"caption\":\"WCIA logo\"},{\"@type\":\"BreadcrumbList\",\"@id\":\"https:\\\/\\\/cymru.global\\\/cy\\\/ein-gwaith\\\/teml-heddwch\\\/llogi-lleoliad-teml-heddwch\\\/partion-a-dathliadau\\\/#breadcrumb\",\"itemListElement\":[{\"@type\":\"ListItem\",\"position\":1,\"name\":\"Cartref\",\"item\":\"https:\\\/\\\/cymru.global\\\/cy\\\/\"},{\"@type\":\"ListItem\",\"position\":2,\"name\":\"Part\u00efon a Dathliadau\"}]},{\"@type\":\"WebSite\",\"@id\":\"https:\\\/\\\/cymru.global\\\/cy\\\/#website\",\"url\":\"https:\\\/\\\/cymru.global\\\/cy\\\/\",\"name\":\"Cymru Global\",\"description\":\"\",\"publisher\":{\"@id\":\"https:\\\/\\\/cymru.global\\\/cy\\\/#organization\"},\"potentialAction\":[{\"@type\":\"SearchAction\",\"target\":{\"@type\":\"EntryPoint\",\"urlTemplate\":\"https:\\\/\\\/cymru.global\\\/cy\\\/?s={search_term_string}\"},\"query-input\":{\"@type\":\"PropertyValueSpecification\",\"valueRequired\":true,\"valueName\":\"search_term_string\"}}],\"inLanguage\":\"cy-GB\"},{\"@type\":\"Organization\",\"@id\":\"https:\\\/\\\/cymru.global\\\/cy\\\/#organization\",\"name\":\"Cymru Global\",\"url\":\"https:\\\/\\\/cymru.global\\\/cy\\\/\",\"logo\":{\"@type\":\"ImageObject\",\"inLanguage\":\"cy-GB\",\"@id\":\"https:\\\/\\\/cymru.global\\\/cy\\\/#\\\/schema\\\/logo\\\/image\\\/\",\"url\":\"https:\\\/\\\/cymru.global\\\/wp-content\\\/uploads\\\/2026\\\/02\\\/loog-white.svg\",\"contentUrl\":\"https:\\\/\\\/cymru.global\\\/wp-content\\\/uploads\\\/2026\\\/02\\\/loog-white.svg\",\"width\":179,\"height\":59,\"caption\":\"Cymru Global\"},\"image\":{\"@id\":\"https:\\\/\\\/cymru.global\\\/cy\\\/#\\\/schema\\\/logo\\\/image\\\/\"},\"sameAs\":[\"https:\\\/\\\/www.facebook.com\\\/welshcentreforinternationalaffairs\\\/\",\"https:\\\/\\\/x.com\\\/WCIA_Wales\",\"https:\\\/\\\/www.instagram.com\\\/wcia_wales\\\/?hl=en-gb\",\"https:\\\/\\\/www.youtube.com\\\/channel\\\/UC0G2l7QV_yPDU4RHB8hEEPg\"]}]}<\/script>\n<!-- \/ Yoast SEO plugin. -->","yoast_head_json":{"title":"Part\u00efon a Dathliadau - Cymru Global","description":"Part\u00efon a Dathliadau Byd-eang Cymru yn Nheml Heddwch, Caerdydd. Gall Teml Heddwch gynnal eich part\u00efon a'ch dathliadau.","robots":{"index":"index","follow":"follow","max-snippet":"max-snippet:-1","max-image-preview":"max-image-preview:large","max-video-preview":"max-video-preview:-1"},"og_locale":"cy_GB","og_type":"article","og_title":"Part\u00efon a Dathliadau - Cymru Global","og_description":"Part\u00efon a Dathliadau Byd-eang Cymru yn Nheml Heddwch, Caerdydd. Gall Teml Heddwch gynnal eich part\u00efon a'ch dathliadau.","og_url":"https:\/\/cymru.global\/cy\/ein-gwaith\/teml-heddwch\/llogi-lleoliad-teml-heddwch\/partion-a-dathliadau\/","og_site_name":"Cymru Global","article_publisher":"https:\/\/www.facebook.com\/welshcentreforinternationalaffairs\/","article_modified_time":"2026-02-23T17:42:40+00:00","og_image":[{"width":640,"height":640,"url":"https:\/\/cymru.global\/wp-content\/uploads\/2018\/10\/wcia_logo.png","type":"image\/png"}],"twitter_card":"summary_large_image","twitter_site":"@WCIA_Wales","schema":{"@context":"https:\/\/schema.org","@graph":[{"@type":"WebPage","@id":"https:\/\/cymru.global\/cy\/ein-gwaith\/teml-heddwch\/llogi-lleoliad-teml-heddwch\/partion-a-dathliadau\/","url":"https:\/\/cymru.global\/cy\/ein-gwaith\/teml-heddwch\/llogi-lleoliad-teml-heddwch\/partion-a-dathliadau\/","name":"Part\u00efon a Dathliadau - Cymru Global","isPartOf":{"@id":"https:\/\/cymru.global\/cy\/#website"},"primaryImageOfPage":{"@id":"https:\/\/cymru.global\/cy\/ein-gwaith\/teml-heddwch\/llogi-lleoliad-teml-heddwch\/partion-a-dathliadau\/#primaryimage"},"image":{"@id":"https:\/\/cymru.global\/cy\/ein-gwaith\/teml-heddwch\/llogi-lleoliad-teml-heddwch\/partion-a-dathliadau\/#primaryimage"},"thumbnailUrl":"https:\/\/cymru.global\/wp-content\/uploads\/2018\/10\/wcia_logo.png","datePublished":"2026-02-23T16:26:15+00:00","dateModified":"2026-02-23T17:42:40+00:00","description":"Part\u00efon a Dathliadau Byd-eang Cymru yn Nheml Heddwch, Caerdydd. Gall Teml Heddwch gynnal eich part\u00efon a'ch dathliadau.","breadcrumb":{"@id":"https:\/\/cymru.global\/cy\/ein-gwaith\/teml-heddwch\/llogi-lleoliad-teml-heddwch\/partion-a-dathliadau\/#breadcrumb"},"inLanguage":"cy-GB","potentialAction":[{"@type":"ReadAction","target":["https:\/\/cymru.global\/cy\/ein-gwaith\/teml-heddwch\/llogi-lleoliad-teml-heddwch\/partion-a-dathliadau\/"]}]},{"@type":"ImageObject","inLanguage":"cy-GB","@id":"https:\/\/cymru.global\/cy\/ein-gwaith\/teml-heddwch\/llogi-lleoliad-teml-heddwch\/partion-a-dathliadau\/#primaryimage","url":"https:\/\/cymru.global\/wp-content\/uploads\/2018\/10\/wcia_logo.png","contentUrl":"https:\/\/cymru.global\/wp-content\/uploads\/2018\/10\/wcia_logo.png","width":640,"height":640,"caption":"WCIA logo"},{"@type":"BreadcrumbList","@id":"https:\/\/cymru.global\/cy\/ein-gwaith\/teml-heddwch\/llogi-lleoliad-teml-heddwch\/partion-a-dathliadau\/#breadcrumb","itemListElement":[{"@type":"ListItem","position":1,"name":"Cartref","item":"https:\/\/cymru.global\/cy\/"},{"@type":"ListItem","position":2,"name":"Part\u00efon a Dathliadau"}]},{"@type":"WebSite","@id":"https:\/\/cymru.global\/cy\/#website","url":"https:\/\/cymru.global\/cy\/","name":"Cymru Global","description":"","publisher":{"@id":"https:\/\/cymru.global\/cy\/#organization"},"potentialAction":[{"@type":"SearchAction","target":{"@type":"EntryPoint","urlTemplate":"https:\/\/cymru.global\/cy\/?s={search_term_string}"},"query-input":{"@type":"PropertyValueSpecification","valueRequired":true,"valueName":"search_term_string"}}],"inLanguage":"cy-GB"},{"@type":"Organization","@id":"https:\/\/cymru.global\/cy\/#organization","name":"Cymru Global","url":"https:\/\/cymru.global\/cy\/","logo":{"@type":"ImageObject","inLanguage":"cy-GB","@id":"https:\/\/cymru.global\/cy\/#\/schema\/logo\/image\/","url":"https:\/\/cymru.global\/wp-content\/uploads\/2026\/02\/loog-white.svg","contentUrl":"https:\/\/cymru.global\/wp-content\/uploads\/2026\/02\/loog-white.svg","width":179,"height":59,"caption":"Cymru Global"},"image":{"@id":"https:\/\/cymru.global\/cy\/#\/schema\/logo\/image\/"},"sameAs":["https:\/\/www.facebook.com\/welshcentreforinternationalaffairs\/","https:\/\/x.com\/WCIA_Wales","https:\/\/www.instagram.com\/wcia_wales\/?hl=en-gb","https:\/\/www.youtube.com\/channel\/UC0G2l7QV_yPDU4RHB8hEEPg"]}]}},"_links":{"self":[{"href":"https:\/\/cymru.global\/cy\/wp-json\/wp\/v2\/pages\/49279","targetHints":{"allow":["GET"]}}],"collection":[{"href":"https:\/\/cymru.global\/cy\/wp-json\/wp\/v2\/pages"}],"about":[{"href":"https:\/\/cymru.global\/cy\/wp-json\/wp\/v2\/types\/page"}],"author":[{"embeddable":true,"href":"https:\/\/cymru.global\/cy\/wp-json\/wp\/v2\/users\/639"}],"replies":[{"embeddable":true,"href":"https:\/\/cymru.global\/cy\/wp-json\/wp\/v2\/comments?post=49279"}],"version-history":[{"count":1,"href":"https:\/\/cymru.global\/cy\/wp-json\/wp\/v2\/pages\/49279\/revisions"}],"predecessor-version":[{"id":49284,"href":"https:\/\/cymru.global\/cy\/wp-json\/wp\/v2\/pages\/49279\/revisions\/49284"}],"up":[{"embeddable":true,"href":"https:\/\/cymru.global\/cy\/wp-json\/wp\/v2\/pages\/49478"}],"wp:featuredmedia":[{"embeddable":true,"href":"https:\/\/cymru.global\/cy\/wp-json\/wp\/v2\/media\/1355"}],"wp:attachment":[{"href":"https:\/\/cymru.global\/cy\/wp-json\/wp\/v2\/media?parent=49279"}],"curies":[{"name":"wp","href":"https:\/\/api.w.org\/{rel}","templated":true}]}}