
{"id":50227,"date":"2026-03-01T17:05:28","date_gmt":"2026-03-01T17:05:28","guid":{"rendered":"https:\/\/cymru.global\/cael-eich-ysbrydoli-gyda-changemaking\/"},"modified":"2026-03-01T17:08:58","modified_gmt":"2026-03-01T17:08:58","slug":"cael-eich-ysbrydoli-gyda-changemaking","status":"publish","type":"page","link":"https:\/\/cymru.global\/cy\/ein-gwaith\/dysgu-byd-eang\/ar-gyfer-addysg-ieuenctid-ac-oedolion-adnoddau-cyfranogiad-ieuenctid\/cael-eich-ysbrydoli-gyda-changemaking\/","title":{"rendered":"Cael eich ysbrydoli gyda Changemaking"},"content":{"rendered":"<div class=\"container-fluid section section-top-carousel alignfull lightgreen\">\r\n\t<div class=\"container \">\r\n\t\t<div class=\"slider\">\r\n\t\t\r\n\t\t\t        \t\t\t        <div class=\"slide\">\r\n\t\t\t        \t\r\n\t\t\t\t        <div class=\"row\">\r\n\t\t\t\t        \t\r\n\t\t\t\t        \t<div class=\"col-lg-6 col-md-12\">\r\n\t\t\t\t        \t\t<h2>Cael eich ysbrydoli gyda Changemaking<\/h2>\n<p>&nbsp;<\/p>\n<p>Oes gennych chi ddiddordeb mewn gwneud pethau&#8217;n well ond ddim yn si\u0175r ble i ddechrau? Cymerwch olwg ar ein cyfleoedd a&#8217;n hymgyrchoedd presennol, casglwch yr adnoddau y gallech fod eu hangen i greu eich prosiectau newid eich hun neu ymunwch \u00e2 dysgu mwy am y materion sy&#8217;n bwysig i chi. <\/p>\n<p>Edrychwch ar eich pecynnau adnoddau a banciau lluniau Changemakers a&amp;#39;ch pecyn cymorth Hustings isod!<\/p>\n\t\t\t\t        \t<\/div>\r\n\r\n\r\n\t\t\t\t        \t<div class=\"col-lg-6 col-md-12\">\r\n\t\t\t\t        \t\t\t\t\t\t\t\t\t\t    <img decoding=\"async\" src=\"https:\/\/cymru.global\/wp-content\/uploads\/2025\/12\/welsh-global@2x.png\" alt=\"\" \/>\r\n\t\t\t\t\t\t\t\t\t\t\t\t        \t<\/div>\r\n\r\n\t\t\t\t        <\/div>\r\n\r\n  \t\t\t\t\t<\/div>\r\n\r\n  \t\t\t\t\t\r\n\t\t\t        <\/div>\r\n\t<\/div>\t\r\n<\/div>\r\n\r\n<div class=\"container-fluid section section-breadcrumbs\">\r\n    <div class=\"container\">\r\n        <span><span><a href=\"https:\/\/cymru.global\/cy\/cymru-global\/\">Cartref<\/a><\/span><\/span>    <\/div>\r\n<\/div>\r\n<div class=\"container-fluid section section-general-content none\">\r\n    <div class=\"container\">\r\n        <div class=\"row\"><div class=\"col-md-12\"><h2>Cael eich ysbrydoli gyda gwneud newid<\/h2>\n<p>&nbsp;<\/p>\n<p>Yng Nghymru Global, rydym am i bawb deimlo&#8217;n obeithiol ac wedi&#8217;u grymuso i gymryd rhan weithredol yn y byd y maent yn rhan ohono. Mae&#8217;r adran hon ar gyfer unrhyw un sydd eisiau cymryd rhan yn ein hymgyrchoedd gweithredol, sydd eisiau dysgu mwy am y materion sy&#8217;n bwysig iddynt neu sydd eisiau cychwyn eu prosiectau eu hunain. <\/p>\n<\/div><\/div>    <\/div>\r\n<\/div><div class=\"container-fluid section section-block-content lightgreen no\">\r\n\t\r\n\t<div class=\"container\">\r\n\t\t<div class=\"row\"><div class=\"col-md-12\"><div class=\"block white\"><h2>Edrychwch ar flog Amber ar pam ei bod hi&#8217;n dda gofalu<\/h2>\n<p>\u201cMewn byd sy\u2019n aml yn adrodd straeon am anobaith a cholled, gall fod yn anodd gofalu. Mae gofalu yn ymdrechgar ac yn anodd. Gall gofalu fod yn rhwystredig. Fodd bynnag, gofalu hefyd yw sail newid hirdymor. Newid sy\u2019n digwydd dros ddegawdau a chanrifoedd, newid sy\u2019n mowldio cymdeithasau a gwareiddiadau.\u201d<\/p>\n<p>&nbsp;<\/p>\n<p><a class=\"btn btn-secondary\" href=\"https:\/\/cymru.global\/blog-why-its-good-to-care\/\">Blog: Pam Mae&#8217;n Dda Gofalu<\/a><\/p>\n<p>&nbsp;<\/p>\n<\/div><\/div><\/div><div class=\"row\"><div class=\"col-md-12\"><div class=\"block white\"><h2>Newidwyr \u2013 Gwneud Newid yn Ddigwydd<\/h2>\n<p>&nbsp;<\/p>\n<p>Ydych chi eisiau gwneud newid yn eich cymuned neu&#8217;r byd? Ddim yn si\u0175r ble i ddechrau? Peidiwch \u00e2 phoeni, rydym wedi rhoi sylw i chi gyda&#8217;n <strong>Cynlluniwr Prosiect Gwneud Newid yn Ddigwydd<\/strong> a&#8217;n <strong>Taflen Cynllunio Gweithredu!<\/strong>  <\/p>\n<p>Yn y cynlluniwr hwn, rydyn ni&#8217;n rhoi&#8217;r offer sydd eu hangen arnoch chi i ddechrau gwneud y newidiadau rydych chi am eu gweld yn y byd.<\/p>\n<p>Rydym yn cyflwyno gwahanol syniadau newid i chi, yn edrych ar ein rhaglenni Newidwyr, y newidiadau y byddwn yn eu gwneud, yr effaith y gall hynny ei chael a&#8217;r ymdrech y gall ei chymryd. Yna rydym yn eich cefnogi i wneud eich cynllun ac yn edrych ar rai camau nesaf. <b><\/b><\/p>\n<p>Cofiwch, gall camau bach wneud newidiadau mawr. Cymerwch eich cam cyntaf yma! <\/p>\n<p><a class=\"btn btn-secondary\" href=\"https:\/\/cymru.global\/wp-content\/uploads\/2026\/02\/2-Making-change-happen-project-planner-youthadult.pptx\">Cliciwch yma i lawrlwytho eich Cynlluniwr Prosiect Gwneud Newid yn Ddigwydd<\/a><\/p>\n<p><a class=\"btn btn-secondary\" href=\"https:\/\/cymru.global\/wp-content\/uploads\/2026\/02\/3-Action-Planning-sheet-CG.docx\">Cliciwch yma i lawrlwytho eich taflen Cynllunio Gweithredu<\/a><\/p>\n<p>Os ydych chi eisiau cysylltu \u00e2 ni am unrhyw beth, anfonwch e-bost atom yn learning@cymru.global<\/p>\n<\/div><\/div><\/div><div class=\"row\"><div class=\"col-md-12\"><div class=\"block white\"><h2>Cynllunio eich Hustyngiadau eich hun<\/h2>\n<p>&nbsp;<\/p>\n<p>Rydym yn gweithio gyda&#8217;r Sgowtiaid i&#8217;ch cefnogi i gynllunio eich Hustyngau eich hun. Yn gyntaf serch hynny, beth yw Hustyng? <\/p>\n<p>Mae hustyngau yn gyfarfod rhwng pobl sy&#8217;n sefyll i&#8217;w hethol a&#8217;r bobl a fydd yn dewis a ddylent bleidleisio drostyn nhw ai peidio. I&#8217;r ymgeiswyr, mae&#8217;n gyfle i ateb cwestiynau a dod yn hoff o&#8217;ch pleidleiswyr. I&#8217;r pleidleiswyr, mae&#8217;n gyfle i ddysgu mwy am yr hyn y mae&#8217;r bobl hyn eisiau ei wneud am y materion pwysig.  <\/p>\n<p>Rydyn ni wedi gwneud taflen fel canllaw cam wrth gam i gynnal eich Hustings eich hun. Rydyn ni&#8217;n ymdrin \u00e2 hyn i gyd mewn hyfforddiant ar-lein ac mae&#8217;r llyfryn hwn yma i roi&#8217;r offer a&#8217;r strwythurau i chi i&#8217;ch cefnogi wrth gynllunio&#8217;r digwyddiad. <\/p>\n<p>Noder bod hwn yma i chi ei ddefnyddio cyn belled ag y mae&#8217;n ddefnyddiol. Peidiwch \u00e2 defnyddio&#8217;r hyn nad yw&#8217;n berthnasol! <\/p>\n<p><a class=\"btn btn-secondary\" href=\"https:\/\/cymru.global\/wp-content\/uploads\/2026\/02\/4-Planning-your-own-Hustings-Booklet-FINAL.docx\">Lawrlwythwch eich Llyfryn Cynllunio Eich Hustyngiadau Eich Hun<\/a><\/p>\n<\/div><\/div><\/div>\t<\/div>\r\n\r\n<\/div>\r\n    <div class=\"container archive pt-4\">\r\n    <div id=\"post-rows\"><div class=\"row post-row\">\r\n                <article class=\"col-lg-4 col-md-12 post\">\r\n                    <span class=\"thumb\" style=\"background-image: url('');\">\r\n                        <a href=\"https:\/\/cymru.global\/cy\/categori\/blog\/\" class=\"catlink catlink1392\">Blog<\/a>                    <\/span>\r\n\r\n                    <h2>Cadw pobl ifanc yn ddiogel ar-lein? Awstralia yn Cyflwyno&#8217;r Gwaharddiad Cyntaf yn y Byd ar Gyfryngau Cymdeithasol i Bobl Dan 16 Oed<\/h2>\r\n\r\n                    <ul>\r\n                                                                    <\/ul>\r\n\r\n                    <p>Yn oes ddigidol heddiw, mae mwy o bobl nag erioed yn ymuno \u00e2 chyfryngau cymdeithasol, yn dod i gysylltiad \u00e2 llu o newyddion a gwybodaeth, ac yn cysylltu \u00e2 phobl a syniadau ledled y byd. Fodd bynnag, nid yw hyn yn gyfyngedig i oedolion, gan fod y rhai sy&#8217;n &#8216;ymuno&#8217; [&#8230;]<\/p>\n\r\n                    <a href=\"https:\/\/cymru.global\/cy\/blog\/cadw-pobl-ifanc-yn-ddiogel-ar-lein-awstralia-yn-cyflwynor-gwaharddiad-cyntaf-yn-y-byd-ar-gyfryngau-cymdeithasol-i-bobl-dan-16-oed\/\" class=\"btn btn-primary read-more\">Darllen mwy<\/a>\r\n                <\/article>\r\n\r\n            \r\n                <article class=\"col-lg-4 col-md-12 post\">\r\n                    <span class=\"thumb\" style=\"background-image: url('https:\/\/cymru.global\/wp-content\/uploads\/2025\/12\/global-search-pink@2x.png');\">\r\n                        <a href=\"https:\/\/cymru.global\/cy\/categori\/dysgu-byd-eang\/\" class=\"catlink catlink1393\">Dysgu Byd-eang<\/a>                    <\/span>\r\n\r\n                    <h2>Archwilio Rhyw a Thegwch<\/h2>\r\n\r\n                    <ul>\r\n                                                                    <\/ul>\r\n\r\n                    <p>Mae anghydraddoldebau, er eu bod yn amrywio o ran difrifoldeb a daearyddiaeth, yn symptomau o&#8217;r un clefyd . Mae dirywiad hawliau menywod yn digwydd ym mhobman , ond dim ond pan edrychwn ar y darlun byd-eang y mae&#8217;r duedd yn dod yn amlwg iawn. Mae&#8217;r problemau parhaus y mae&#8217;r byd [&#8230;]<\/p>\n\r\n                    <a href=\"https:\/\/cymru.global\/cy\/dysgu-byd-eang\/archwilio-rhyw-a-thegwch\/\" class=\"btn btn-primary read-more\">Darllen mwy<\/a>\r\n                <\/article>\r\n\r\n            \r\n                <article class=\"col-lg-4 col-md-12 post\">\r\n                    <span class=\"thumb\" style=\"background-image: url('https:\/\/cymru.global\/wp-content\/uploads\/2018\/10\/wcia_logo.png');\">\r\n                        <a href=\"https:\/\/cymru.global\/cy\/categori\/international-exchange-cy\/\" class=\"catlink catlink1252\">International Exchange<\/a>                    <\/span>\r\n\r\n                    <h2>Gwobrau Rhagoriaeth Gwaith Ieuenctid 2023<\/h2>\r\n\r\n                    <ul>\r\n                                                                    <\/ul>\r\n\r\n                    <p>Gwahoddwyd t\u00eem Gweithredu Byd-eang WCIA i Wobrau Rhagoriaeth Gwaith Ieuenctid 2023 , a gynhaliwyd yn Venue Cymru yn Llandudno. Mae&#8217;r gwobrau&#8217;n gyfle i gydnabod a dathlu prosiectau gwaith ieuenctid rhagorol, gweithwyr ieuenctid a&#8217;r rhai sy&#8217;n ymwneud \u00e2 Gwaith Ieuenctid ledled Cymru. Mae Gwaith Ieuenctid yn darparu ac yn hwyluso amgylchedd [&#8230;]<\/p>\n\r\n                    <a href=\"https:\/\/cymru.global\/cy\/wcia-news-cy\/wobrau-rhagoriaeth-gwaith-ieuenctid-2023\/\" class=\"btn btn-primary read-more\">Darllen mwy<\/a>\r\n                <\/article>\r\n\r\n            <\/div><div class=\"row post-row\">\r\n                <article class=\"col-lg-4 col-md-12 post\">\r\n                    <span class=\"thumb\" style=\"background-image: url('https:\/\/cymru.global\/wp-content\/uploads\/2024\/01\/50981711788_ba037419ee_c.jpg');\">\r\n                        <a href=\"https:\/\/cymru.global\/cy\/categori\/addysg-cy\/\" class=\"catlink catlink615\">Addysg<\/a>                    <\/span>\r\n\r\n                    <h2>Hyfforddi pobl ifanc i fod yn Heddychwyr<\/h2>\r\n\r\n                    <ul>\r\n                                                                    <\/ul>\r\n\r\n                    <p>Mae UNESCO newydd ddiweddaru eu hargymhelliad o 1974 ar Addysg dros Heddwch, Hawliau Dynol a Datblygu Cynaliadwy , gan osod addysg fel prif ysgogydd ar gyfer heddwch a dealltwriaeth ryngwladol. Cynhaliwyd enghraifft dda o adeiladu byd mwy heddychlon a chynaliadwy o&#8217;r gwaelod i fyny yn Nheml Heddwch ac Iechyd yng [&#8230;]<\/p>\n\r\n                    <a href=\"https:\/\/cymru.global\/cy\/addysg-cy\/hyfforddi-pobl-ifanc-i-fod-yn-heddychwyr\/\" class=\"btn btn-primary read-more\">Darllen mwy<\/a>\r\n                <\/article>\r\n\r\n            <\/div><\/div>            <button id=\"loadMore\" class=\"btn btn-bw\" style=\"display: block; margin: 20px auto\">Llwythwch fwy<\/button>\r\n\r\n                <\/div>\r\n\r\n\r\n\r\n<script>\r\ndocument.addEventListener(\"DOMContentLoaded\", function() {\r\n    const rows = document.querySelectorAll(\".post-row\");\r\n    const btn = document.getElementById(\"loadMore\");\r\n\r\n    \/\/ Hide all rows except the first\r\n    rows.forEach((row, index) => {\r\n        if (index > 0) row.style.display = \"none\";\r\n    });\r\n\r\n    let current = 1;\r\n\r\n    btn.addEventListener(\"click\", function() {\r\n        if (current < rows.length) {\r\n            rows[current].style.display = \"flex\";\r\n            current++;\r\n        }\r\n        if (current >= rows.length) {\r\n            btn.style.display = \"none\";\r\n        }\r\n    });\r\n});\r\n<\/script>\r\n","protected":false},"excerpt":{"rendered":"<p> [&#8230;]<\/p>\n","protected":false},"author":704,"featured_media":0,"parent":50240,"menu_order":0,"comment_status":"closed","ping_status":"closed","template":"","meta":{"_acf_changed":false,"iawp_total_views":0,"footnotes":""},"class_list":["post-50227","page","type-page","status-publish","hentry"],"acf":[],"yoast_head":"<!-- This site is optimized with the Yoast SEO plugin v27.5 - https:\/\/yoast.com\/product\/yoast-seo-wordpress\/ -->\n<title>Cael eich ysbrydoli gyda Changemaking - Cymru Global<\/title>\n<meta name=\"robots\" content=\"index, follow, max-snippet:-1, max-image-preview:large, max-video-preview:-1\" \/>\n<meta property=\"og:locale\" content=\"cy_GB\" \/>\n<meta property=\"og:type\" content=\"article\" \/>\n<meta property=\"og:title\" content=\"Cael eich ysbrydoli gyda Changemaking - Cymru Global\" \/>\n<meta property=\"og:description\" content=\"[...]\" \/>\n<meta property=\"og:url\" content=\"https:\/\/cymru.global\/cy\/ein-gwaith\/dysgu-byd-eang\/ar-gyfer-addysg-ieuenctid-ac-oedolion-adnoddau-cyfranogiad-ieuenctid\/cael-eich-ysbrydoli-gyda-changemaking\/\" \/>\n<meta property=\"og:site_name\" content=\"Cymru Global\" \/>\n<meta property=\"article:publisher\" content=\"https:\/\/www.facebook.com\/welshcentreforinternationalaffairs\/\" \/>\n<meta property=\"article:modified_time\" content=\"2026-03-01T17:08:58+00:00\" \/>\n<meta name=\"twitter:card\" content=\"summary_large_image\" \/>\n<meta name=\"twitter:site\" content=\"@WCIA_Wales\" \/>\n<script type=\"application\/ld+json\" class=\"yoast-schema-graph\">{\"@context\":\"https:\\\/\\\/schema.org\",\"@graph\":[{\"@type\":\"WebPage\",\"@id\":\"https:\\\/\\\/cymru.global\\\/cy\\\/ein-gwaith\\\/dysgu-byd-eang\\\/ar-gyfer-addysg-ieuenctid-ac-oedolion-adnoddau-cyfranogiad-ieuenctid\\\/cael-eich-ysbrydoli-gyda-changemaking\\\/\",\"url\":\"https:\\\/\\\/cymru.global\\\/cy\\\/ein-gwaith\\\/dysgu-byd-eang\\\/ar-gyfer-addysg-ieuenctid-ac-oedolion-adnoddau-cyfranogiad-ieuenctid\\\/cael-eich-ysbrydoli-gyda-changemaking\\\/\",\"name\":\"Cael eich ysbrydoli gyda Changemaking - Cymru Global\",\"isPartOf\":{\"@id\":\"https:\\\/\\\/cymru.global\\\/cy\\\/#website\"},\"datePublished\":\"2026-03-01T17:05:28+00:00\",\"dateModified\":\"2026-03-01T17:08:58+00:00\",\"breadcrumb\":{\"@id\":\"https:\\\/\\\/cymru.global\\\/cy\\\/ein-gwaith\\\/dysgu-byd-eang\\\/ar-gyfer-addysg-ieuenctid-ac-oedolion-adnoddau-cyfranogiad-ieuenctid\\\/cael-eich-ysbrydoli-gyda-changemaking\\\/#breadcrumb\"},\"inLanguage\":\"cy-GB\",\"potentialAction\":[{\"@type\":\"ReadAction\",\"target\":[\"https:\\\/\\\/cymru.global\\\/cy\\\/ein-gwaith\\\/dysgu-byd-eang\\\/ar-gyfer-addysg-ieuenctid-ac-oedolion-adnoddau-cyfranogiad-ieuenctid\\\/cael-eich-ysbrydoli-gyda-changemaking\\\/\"]}]},{\"@type\":\"BreadcrumbList\",\"@id\":\"https:\\\/\\\/cymru.global\\\/cy\\\/ein-gwaith\\\/dysgu-byd-eang\\\/ar-gyfer-addysg-ieuenctid-ac-oedolion-adnoddau-cyfranogiad-ieuenctid\\\/cael-eich-ysbrydoli-gyda-changemaking\\\/#breadcrumb\",\"itemListElement\":[{\"@type\":\"ListItem\",\"position\":1,\"name\":\"Cartref\",\"item\":\"https:\\\/\\\/cymru.global\\\/cy\\\/cymru-global\\\/\"},{\"@type\":\"ListItem\",\"position\":2,\"name\":\"Ein Gwaith\",\"item\":\"https:\\\/\\\/cymru.global\\\/cy\\\/ein-gwaith\\\/\"},{\"@type\":\"ListItem\",\"position\":3,\"name\":\"Dysgu Byd-eang\",\"item\":\"https:\\\/\\\/cymru.global\\\/cy\\\/ein-gwaith\\\/dysgu-byd-eang\\\/\"},{\"@type\":\"ListItem\",\"position\":4,\"name\":\"Ar gyfer Addysg Ieuenctid ac Oedolion: Adnoddau Cyfranogiad Ieuenctid\",\"item\":\"https:\\\/\\\/cymru.global\\\/cy\\\/ein-gwaith\\\/dysgu-byd-eang\\\/ar-gyfer-addysg-ieuenctid-ac-oedolion-adnoddau-cyfranogiad-ieuenctid\\\/\"},{\"@type\":\"ListItem\",\"position\":5,\"name\":\"Cael eich ysbrydoli gyda Changemaking\"}]},{\"@type\":\"WebSite\",\"@id\":\"https:\\\/\\\/cymru.global\\\/cy\\\/#website\",\"url\":\"https:\\\/\\\/cymru.global\\\/cy\\\/\",\"name\":\"Cymru Global\",\"description\":\"\",\"publisher\":{\"@id\":\"https:\\\/\\\/cymru.global\\\/cy\\\/#organization\"},\"potentialAction\":[{\"@type\":\"SearchAction\",\"target\":{\"@type\":\"EntryPoint\",\"urlTemplate\":\"https:\\\/\\\/cymru.global\\\/cy\\\/?s={search_term_string}\"},\"query-input\":{\"@type\":\"PropertyValueSpecification\",\"valueRequired\":true,\"valueName\":\"search_term_string\"}}],\"inLanguage\":\"cy-GB\"},{\"@type\":\"Organization\",\"@id\":\"https:\\\/\\\/cymru.global\\\/cy\\\/#organization\",\"name\":\"Cymru Global\",\"url\":\"https:\\\/\\\/cymru.global\\\/cy\\\/\",\"logo\":{\"@type\":\"ImageObject\",\"inLanguage\":\"cy-GB\",\"@id\":\"https:\\\/\\\/cymru.global\\\/cy\\\/#\\\/schema\\\/logo\\\/image\\\/\",\"url\":\"https:\\\/\\\/cymru.global\\\/wp-content\\\/uploads\\\/2026\\\/02\\\/loog-white.svg\",\"contentUrl\":\"https:\\\/\\\/cymru.global\\\/wp-content\\\/uploads\\\/2026\\\/02\\\/loog-white.svg\",\"width\":179,\"height\":59,\"caption\":\"Cymru Global\"},\"image\":{\"@id\":\"https:\\\/\\\/cymru.global\\\/cy\\\/#\\\/schema\\\/logo\\\/image\\\/\"},\"sameAs\":[\"https:\\\/\\\/www.facebook.com\\\/welshcentreforinternationalaffairs\\\/\",\"https:\\\/\\\/x.com\\\/WCIA_Wales\",\"https:\\\/\\\/www.instagram.com\\\/wcia_wales\\\/?hl=en-gb\",\"https:\\\/\\\/www.youtube.com\\\/channel\\\/UC0G2l7QV_yPDU4RHB8hEEPg\"]}]}<\/script>\n<!-- \/ Yoast SEO plugin. -->","yoast_head_json":{"title":"Cael eich ysbrydoli gyda Changemaking - Cymru Global","robots":{"index":"index","follow":"follow","max-snippet":"max-snippet:-1","max-image-preview":"max-image-preview:large","max-video-preview":"max-video-preview:-1"},"og_locale":"cy_GB","og_type":"article","og_title":"Cael eich ysbrydoli gyda Changemaking - Cymru Global","og_description":"[...]","og_url":"https:\/\/cymru.global\/cy\/ein-gwaith\/dysgu-byd-eang\/ar-gyfer-addysg-ieuenctid-ac-oedolion-adnoddau-cyfranogiad-ieuenctid\/cael-eich-ysbrydoli-gyda-changemaking\/","og_site_name":"Cymru Global","article_publisher":"https:\/\/www.facebook.com\/welshcentreforinternationalaffairs\/","article_modified_time":"2026-03-01T17:08:58+00:00","twitter_card":"summary_large_image","twitter_site":"@WCIA_Wales","schema":{"@context":"https:\/\/schema.org","@graph":[{"@type":"WebPage","@id":"https:\/\/cymru.global\/cy\/ein-gwaith\/dysgu-byd-eang\/ar-gyfer-addysg-ieuenctid-ac-oedolion-adnoddau-cyfranogiad-ieuenctid\/cael-eich-ysbrydoli-gyda-changemaking\/","url":"https:\/\/cymru.global\/cy\/ein-gwaith\/dysgu-byd-eang\/ar-gyfer-addysg-ieuenctid-ac-oedolion-adnoddau-cyfranogiad-ieuenctid\/cael-eich-ysbrydoli-gyda-changemaking\/","name":"Cael eich ysbrydoli gyda Changemaking - Cymru Global","isPartOf":{"@id":"https:\/\/cymru.global\/cy\/#website"},"datePublished":"2026-03-01T17:05:28+00:00","dateModified":"2026-03-01T17:08:58+00:00","breadcrumb":{"@id":"https:\/\/cymru.global\/cy\/ein-gwaith\/dysgu-byd-eang\/ar-gyfer-addysg-ieuenctid-ac-oedolion-adnoddau-cyfranogiad-ieuenctid\/cael-eich-ysbrydoli-gyda-changemaking\/#breadcrumb"},"inLanguage":"cy-GB","potentialAction":[{"@type":"ReadAction","target":["https:\/\/cymru.global\/cy\/ein-gwaith\/dysgu-byd-eang\/ar-gyfer-addysg-ieuenctid-ac-oedolion-adnoddau-cyfranogiad-ieuenctid\/cael-eich-ysbrydoli-gyda-changemaking\/"]}]},{"@type":"BreadcrumbList","@id":"https:\/\/cymru.global\/cy\/ein-gwaith\/dysgu-byd-eang\/ar-gyfer-addysg-ieuenctid-ac-oedolion-adnoddau-cyfranogiad-ieuenctid\/cael-eich-ysbrydoli-gyda-changemaking\/#breadcrumb","itemListElement":[{"@type":"ListItem","position":1,"name":"Cartref","item":"https:\/\/cymru.global\/cy\/cymru-global\/"},{"@type":"ListItem","position":2,"name":"Ein Gwaith","item":"https:\/\/cymru.global\/cy\/ein-gwaith\/"},{"@type":"ListItem","position":3,"name":"Dysgu Byd-eang","item":"https:\/\/cymru.global\/cy\/ein-gwaith\/dysgu-byd-eang\/"},{"@type":"ListItem","position":4,"name":"Ar gyfer Addysg Ieuenctid ac Oedolion: Adnoddau Cyfranogiad Ieuenctid","item":"https:\/\/cymru.global\/cy\/ein-gwaith\/dysgu-byd-eang\/ar-gyfer-addysg-ieuenctid-ac-oedolion-adnoddau-cyfranogiad-ieuenctid\/"},{"@type":"ListItem","position":5,"name":"Cael eich ysbrydoli gyda Changemaking"}]},{"@type":"WebSite","@id":"https:\/\/cymru.global\/cy\/#website","url":"https:\/\/cymru.global\/cy\/","name":"Cymru Global","description":"","publisher":{"@id":"https:\/\/cymru.global\/cy\/#organization"},"potentialAction":[{"@type":"SearchAction","target":{"@type":"EntryPoint","urlTemplate":"https:\/\/cymru.global\/cy\/?s={search_term_string}"},"query-input":{"@type":"PropertyValueSpecification","valueRequired":true,"valueName":"search_term_string"}}],"inLanguage":"cy-GB"},{"@type":"Organization","@id":"https:\/\/cymru.global\/cy\/#organization","name":"Cymru Global","url":"https:\/\/cymru.global\/cy\/","logo":{"@type":"ImageObject","inLanguage":"cy-GB","@id":"https:\/\/cymru.global\/cy\/#\/schema\/logo\/image\/","url":"https:\/\/cymru.global\/wp-content\/uploads\/2026\/02\/loog-white.svg","contentUrl":"https:\/\/cymru.global\/wp-content\/uploads\/2026\/02\/loog-white.svg","width":179,"height":59,"caption":"Cymru Global"},"image":{"@id":"https:\/\/cymru.global\/cy\/#\/schema\/logo\/image\/"},"sameAs":["https:\/\/www.facebook.com\/welshcentreforinternationalaffairs\/","https:\/\/x.com\/WCIA_Wales","https:\/\/www.instagram.com\/wcia_wales\/?hl=en-gb","https:\/\/www.youtube.com\/channel\/UC0G2l7QV_yPDU4RHB8hEEPg"]}]}},"_links":{"self":[{"href":"https:\/\/cymru.global\/cy\/wp-json\/wp\/v2\/pages\/50227","targetHints":{"allow":["GET"]}}],"collection":[{"href":"https:\/\/cymru.global\/cy\/wp-json\/wp\/v2\/pages"}],"about":[{"href":"https:\/\/cymru.global\/cy\/wp-json\/wp\/v2\/types\/page"}],"author":[{"embeddable":true,"href":"https:\/\/cymru.global\/cy\/wp-json\/wp\/v2\/users\/704"}],"replies":[{"embeddable":true,"href":"https:\/\/cymru.global\/cy\/wp-json\/wp\/v2\/comments?post=50227"}],"version-history":[{"count":1,"href":"https:\/\/cymru.global\/cy\/wp-json\/wp\/v2\/pages\/50227\/revisions"}],"predecessor-version":[{"id":50231,"href":"https:\/\/cymru.global\/cy\/wp-json\/wp\/v2\/pages\/50227\/revisions\/50231"}],"up":[{"embeddable":true,"href":"https:\/\/cymru.global\/cy\/wp-json\/wp\/v2\/pages\/50240"}],"wp:attachment":[{"href":"https:\/\/cymru.global\/cy\/wp-json\/wp\/v2\/media?parent=50227"}],"curies":[{"name":"wp","href":"https:\/\/api.w.org\/{rel}","templated":true}]}}